{"id":8851,"date":"2018-02-11T14:31:49","date_gmt":"2018-02-11T14:31:49","guid":{"rendered":"http:\/\/www.gs-brotterode.de\/?page_id=8851"},"modified":"2021-05-29T12:47:32","modified_gmt":"2021-05-29T12:47:32","slug":"unsere-schule","status":"publish","type":"page","link":"https:\/\/www.gs-brotterode.de\/?page_id=8851","title":{"rendered":"Unsere Schule"},"content":{"rendered":"<h2>Die Grundschule Brotterode<\/h2>\n<h4>befindet sich in der Stadt Brotterode-Trusetal im Ortsteil Brotterode.<\/h4>\n<h4>Der erste urkundliche Hinweis f\u00fcr die Existenz einer Schule in Brotterode stammt aus dem Jahre 1569\/70. 1690 errichtete die Gemeinde einen Neubau, dem sich einige Jahre sp\u00e4ter eine M\u00e4dchenschule anschloss. Knaben und M\u00e4dchen besuchten bis ins 20. Jahrhundert getrennte Schulen bzw. Klassen. Der Standort beider H\u00e4user befand sich bis 1877 noch auf dem Kleinen Kirchberg.<\/h4>\n<h4>Die neue Schule wurde am 2. November 1877 eingeweiht. Sie ist heute noch unsere Schule und blieb in der Ortsmitte beim Brand von Brotterode 1895 als einziges Geb\u00e4ude stehen. Der heutige Ostteil der Schule entstand 1913. Das jetzige Sanit\u00e4rgeb\u00e4ude wurde 1936 gebaut.<\/h4>\n<h4>Die 1877 errichtete Schule war eine Grundschule. Sie sicherte zur damaligen Zeit die Ausbildung bis zur 8. Klasse. 1924 begann der Aufbau einer Mittelschule. Ab 1958 war unsere Schule bis zur Wiedervereinigung eine zehnklassige allgemeinbildende Polytechnische Oberschule, danach wurde aus ihr eine Grund- und Regelschule. Seit 1992 existiert sie als Grundschule f\u00fcr Sch\u00fcler der Klassen 1 \u2013 4.<\/h4>\n<p><a href=\"http:\/\/www.gs-brotterode.de\/wp-content\/uploads\/2018\/02\/cropped-mai2.jpg\"><img loading=\"lazy\" decoding=\"async\" class=\"alignleft size-medium wp-image-8863\" src=\"http:\/\/www.gs-brotterode.de\/wp-content\/uploads\/2018\/02\/cropped-mai2-300x300.jpg\" alt=\"\" width=\"300\" height=\"300\" srcset=\"https:\/\/www.gs-brotterode.de\/wp-content\/uploads\/2018\/02\/cropped-mai2-300x300.jpg 300w, https:\/\/www.gs-brotterode.de\/wp-content\/uploads\/2018\/02\/cropped-mai2-150x150.jpg 150w, https:\/\/www.gs-brotterode.de\/wp-content\/uploads\/2018\/02\/cropped-mai2-270x270.jpg 270w, https:\/\/www.gs-brotterode.de\/wp-content\/uploads\/2018\/02\/cropped-mai2-192x192.jpg 192w, https:\/\/www.gs-brotterode.de\/wp-content\/uploads\/2018\/02\/cropped-mai2-180x180.jpg 180w, https:\/\/www.gs-brotterode.de\/wp-content\/uploads\/2018\/02\/cropped-mai2-32x32.jpg 32w, https:\/\/www.gs-brotterode.de\/wp-content\/uploads\/2018\/02\/cropped-mai2.jpg 512w\" sizes=\"(max-width: 300px) 100vw, 300px\" \/><\/a><a href=\"http:\/\/www.gs-brotterode.de\/wp-content\/uploads\/2018\/02\/Schule-Bild.jpg\"><img loading=\"lazy\" decoding=\"async\" class=\"wp-image-8894 alignright\" src=\"http:\/\/www.gs-brotterode.de\/wp-content\/uploads\/2018\/02\/Schule-Bild-300x222.jpg\" alt=\"\" width=\"404\" height=\"299\" srcset=\"https:\/\/www.gs-brotterode.de\/wp-content\/uploads\/2018\/02\/Schule-Bild-300x222.jpg 300w, https:\/\/www.gs-brotterode.de\/wp-content\/uploads\/2018\/02\/Schule-Bild.jpg 474w\" sizes=\"(max-width: 404px) 100vw, 404px\" \/><\/a><\/p>\n\n\n<p><\/p>\n\n\n\n<p><\/p>\n\n\n\n<p><\/p>\n\n\n\n<p class=\"has-medium-font-size\">In den letzten Jahren wurde unsere alte Dame von Grund auf saniert. Ostern 2021 durften nun die ersten Sch\u00fcler das neue Geb\u00e4ude betreten und werden von nun an in einem wundersch\u00f6nen und sehr modernen &#8222;altem&#8220; Schulhaus unterrichtet.<\/p>\n\n\n\n<figure class=\"wp-block-image size-large is-resized\"><a href=\"https:\/\/www.gs-brotterode.de\/wp-content\/uploads\/2021\/02\/Aussenansicht-Gebaeude1-2.jpg\"><img loading=\"lazy\" decoding=\"async\" src=\"https:\/\/www.gs-brotterode.de\/wp-content\/uploads\/2021\/02\/Aussenansicht-Gebaeude1-2-1024x818.jpg\" alt=\"\" class=\"wp-image-10070\" width=\"516\" height=\"412\" srcset=\"https:\/\/www.gs-brotterode.de\/wp-content\/uploads\/2021\/02\/Aussenansicht-Gebaeude1-2-1024x818.jpg 1024w, https:\/\/www.gs-brotterode.de\/wp-content\/uploads\/2021\/02\/Aussenansicht-Gebaeude1-2-300x240.jpg 300w, https:\/\/www.gs-brotterode.de\/wp-content\/uploads\/2021\/02\/Aussenansicht-Gebaeude1-2-768x613.jpg 768w, https:\/\/www.gs-brotterode.de\/wp-content\/uploads\/2021\/02\/Aussenansicht-Gebaeude1-2.jpg 1282w\" sizes=\"(max-width: 516px) 100vw, 516px\" \/><\/a><\/figure>\n\n\n\n<figure class=\"wp-block-image size-large\"><a href=\"https:\/\/www.gs-brotterode.de\/wp-content\/uploads\/2021\/03\/D867D8B9-2384-4905-867D-A5A9CD274028.jpeg\"><img loading=\"lazy\" decoding=\"async\" width=\"1024\" height=\"768\" src=\"https:\/\/www.gs-brotterode.de\/wp-content\/uploads\/2021\/03\/D867D8B9-2384-4905-867D-A5A9CD274028-1024x768.jpeg\" alt=\"\" class=\"wp-image-10179\" srcset=\"https:\/\/www.gs-brotterode.de\/wp-content\/uploads\/2021\/03\/D867D8B9-2384-4905-867D-A5A9CD274028-1024x768.jpeg 1024w, https:\/\/www.gs-brotterode.de\/wp-content\/uploads\/2021\/03\/D867D8B9-2384-4905-867D-A5A9CD274028-300x225.jpeg 300w, https:\/\/www.gs-brotterode.de\/wp-content\/uploads\/2021\/03\/D867D8B9-2384-4905-867D-A5A9CD274028-768x576.jpeg 768w, https:\/\/www.gs-brotterode.de\/wp-content\/uploads\/2021\/03\/D867D8B9-2384-4905-867D-A5A9CD274028-1536x1152.jpeg 1536w, https:\/\/www.gs-brotterode.de\/wp-content\/uploads\/2021\/03\/D867D8B9-2384-4905-867D-A5A9CD274028.jpeg 1600w\" sizes=\"(max-width: 1024px) 100vw, 1024px\" \/><\/a><figcaption>Klassenr\u00e4ume zum Wohlf\u00fchlen<\/figcaption><\/figure>\n\n\n\n<p class=\"has-medium-font-size\">Derzeit lernen je 2 Klassen pro Klassenstufe in der Grundschule Brotterode. Etwa 180 Jungen und M\u00e4dchen werden von 8 Lehrerinnen unterrichtet. Im Hort sind aktuell 7 Erzieherinnen t\u00e4tig. <\/p>\n\n\n\n<p><\/p>\n\n\n\n<p class=\"has-medium-font-size\"><a href=\"https:\/\/youtu.be\/V09UVH3nIq8\" target=\"_blank\" rel=\"noreferrer noopener\"><strong>HIER<\/strong><\/a> k\u00f6nnen Sie sich nach Herzenslust in unserer Schule umschauen. (ACHTUNG: Sie werden zu YouTube.de weitergeleitet)<\/p>\n","protected":false},"excerpt":{"rendered":"<p>Die Grundschule Brotterode befindet sich in der Stadt Brotterode-Trusetal im Ortsteil Brotterode. Der erste urkundliche Hinweis f\u00fcr die Existenz einer Schule in Brotterode stammt aus dem Jahre 1569\/70. 1690 errichtete die Gemeinde einen Neubau, dem sich einige Jahre sp\u00e4ter eine M\u00e4dchenschule anschloss. Knaben und M\u00e4dchen besuchten bis ins 20. Jahrhundert getrennte Schulen bzw. Klassen. Der [&hellip;]<\/p>\n","protected":false},"author":3,"featured_media":0,"parent":0,"menu_order":1,"comment_status":"closed","ping_status":"closed","template":"","meta":{"footnotes":""},"yoast_head":"<!-- This site is optimized with the Yoast SEO plugin v18.3 - https:\/\/yoast.com\/wordpress\/plugins\/seo\/ -->\n<title>Unsere Schule - Grundschule Brotterode<\/title>\n<meta name=\"robots\" content=\"index, follow, max-snippet:-1, max-image-preview:large, max-video-preview:-1\" \/>\n<link rel=\"canonical\" href=\"https:\/\/www.gs-brotterode.de\/?page_id=8851\" \/>\n<meta property=\"og:locale\" content=\"de_DE\" \/>\n<meta property=\"og:type\" content=\"article\" \/>\n<meta property=\"og:title\" content=\"Unsere Schule - Grundschule Brotterode\" \/>\n<meta property=\"og:description\" content=\"Die Grundschule Brotterode befindet sich in der Stadt Brotterode-Trusetal im Ortsteil Brotterode. Der erste urkundliche Hinweis f\u00fcr die Existenz einer Schule in Brotterode stammt aus dem Jahre 1569\/70. 1690 errichtete die Gemeinde einen Neubau, dem sich einige Jahre sp\u00e4ter eine M\u00e4dchenschule anschloss. Knaben und M\u00e4dchen besuchten bis ins 20. Jahrhundert getrennte Schulen bzw. Klassen. Der [&hellip;]\" \/>\n<meta property=\"og:url\" content=\"https:\/\/www.gs-brotterode.de\/?page_id=8851\" \/>\n<meta property=\"og:site_name\" content=\"Grundschule Brotterode\" \/>\n<meta property=\"article:modified_time\" content=\"2021-05-29T12:47:32+00:00\" \/>\n<meta property=\"og:image\" content=\"http:\/\/www.gs-brotterode.de\/wp-content\/uploads\/2018\/02\/cropped-mai2-300x300.jpg\" \/>\n<meta name=\"twitter:card\" content=\"summary\" \/>\n<meta name=\"twitter:label1\" content=\"Gesch\u00e4tzte Lesezeit\" \/>\n\t<meta name=\"twitter:data1\" content=\"2\u00a0Minuten\" \/>\n<script type=\"application\/ld+json\" class=\"yoast-schema-graph\">{\"@context\":\"https:\/\/schema.org\",\"@graph\":[{\"@type\":\"WebSite\",\"@id\":\"https:\/\/www.gs-brotterode.de\/#website\",\"url\":\"https:\/\/www.gs-brotterode.de\/\",\"name\":\"Grundschule Brotterode\",\"description\":\"\",\"potentialAction\":[{\"@type\":\"SearchAction\",\"target\":{\"@type\":\"EntryPoint\",\"urlTemplate\":\"https:\/\/www.gs-brotterode.de\/?s={search_term_string}\"},\"query-input\":\"required name=search_term_string\"}],\"inLanguage\":\"de\"},{\"@type\":\"ImageObject\",\"@id\":\"https:\/\/www.gs-brotterode.de\/?page_id=8851#primaryimage\",\"inLanguage\":\"de\",\"url\":\"http:\/\/www.gs-brotterode.de\/wp-content\/uploads\/2018\/02\/cropped-mai2-300x300.jpg\",\"contentUrl\":\"http:\/\/www.gs-brotterode.de\/wp-content\/uploads\/2018\/02\/cropped-mai2-300x300.jpg\"},{\"@type\":\"WebPage\",\"@id\":\"https:\/\/www.gs-brotterode.de\/?page_id=8851#webpage\",\"url\":\"https:\/\/www.gs-brotterode.de\/?page_id=8851\",\"name\":\"Unsere Schule - Grundschule Brotterode\",\"isPartOf\":{\"@id\":\"https:\/\/www.gs-brotterode.de\/#website\"},\"primaryImageOfPage\":{\"@id\":\"https:\/\/www.gs-brotterode.de\/?page_id=8851#primaryimage\"},\"datePublished\":\"2018-02-11T14:31:49+00:00\",\"dateModified\":\"2021-05-29T12:47:32+00:00\",\"breadcrumb\":{\"@id\":\"https:\/\/www.gs-brotterode.de\/?page_id=8851#breadcrumb\"},\"inLanguage\":\"de\",\"potentialAction\":[{\"@type\":\"ReadAction\",\"target\":[\"https:\/\/www.gs-brotterode.de\/?page_id=8851\"]}]},{\"@type\":\"BreadcrumbList\",\"@id\":\"https:\/\/www.gs-brotterode.de\/?page_id=8851#breadcrumb\",\"itemListElement\":[{\"@type\":\"ListItem\",\"position\":1,\"name\":\"Home\",\"item\":\"https:\/\/www.gs-brotterode.de\/\"},{\"@type\":\"ListItem\",\"position\":2,\"name\":\"Unsere Schule\"}]}]}<\/script>\n<!-- \/ Yoast SEO plugin. -->","yoast_head_json":{"title":"Unsere Schule - Grundschule Brotterode","robots":{"index":"index","follow":"follow","max-snippet":"max-snippet:-1","max-image-preview":"max-image-preview:large","max-video-preview":"max-video-preview:-1"},"canonical":"https:\/\/www.gs-brotterode.de\/?page_id=8851","og_locale":"de_DE","og_type":"article","og_title":"Unsere Schule - Grundschule Brotterode","og_description":"Die Grundschule Brotterode befindet sich in der Stadt Brotterode-Trusetal im Ortsteil Brotterode. Der erste urkundliche Hinweis f\u00fcr die Existenz einer Schule in Brotterode stammt aus dem Jahre 1569\/70. 1690 errichtete die Gemeinde einen Neubau, dem sich einige Jahre sp\u00e4ter eine M\u00e4dchenschule anschloss. Knaben und M\u00e4dchen besuchten bis ins 20. Jahrhundert getrennte Schulen bzw. Klassen. Der [&hellip;]","og_url":"https:\/\/www.gs-brotterode.de\/?page_id=8851","og_site_name":"Grundschule Brotterode","article_modified_time":"2021-05-29T12:47:32+00:00","og_image":[{"url":"http:\/\/www.gs-brotterode.de\/wp-content\/uploads\/2018\/02\/cropped-mai2-300x300.jpg"}],"twitter_card":"summary","twitter_misc":{"Gesch\u00e4tzte Lesezeit":"2\u00a0Minuten"},"schema":{"@context":"https:\/\/schema.org","@graph":[{"@type":"WebSite","@id":"https:\/\/www.gs-brotterode.de\/#website","url":"https:\/\/www.gs-brotterode.de\/","name":"Grundschule Brotterode","description":"","potentialAction":[{"@type":"SearchAction","target":{"@type":"EntryPoint","urlTemplate":"https:\/\/www.gs-brotterode.de\/?s={search_term_string}"},"query-input":"required name=search_term_string"}],"inLanguage":"de"},{"@type":"ImageObject","@id":"https:\/\/www.gs-brotterode.de\/?page_id=8851#primaryimage","inLanguage":"de","url":"http:\/\/www.gs-brotterode.de\/wp-content\/uploads\/2018\/02\/cropped-mai2-300x300.jpg","contentUrl":"http:\/\/www.gs-brotterode.de\/wp-content\/uploads\/2018\/02\/cropped-mai2-300x300.jpg"},{"@type":"WebPage","@id":"https:\/\/www.gs-brotterode.de\/?page_id=8851#webpage","url":"https:\/\/www.gs-brotterode.de\/?page_id=8851","name":"Unsere Schule - Grundschule Brotterode","isPartOf":{"@id":"https:\/\/www.gs-brotterode.de\/#website"},"primaryImageOfPage":{"@id":"https:\/\/www.gs-brotterode.de\/?page_id=8851#primaryimage"},"datePublished":"2018-02-11T14:31:49+00:00","dateModified":"2021-05-29T12:47:32+00:00","breadcrumb":{"@id":"https:\/\/www.gs-brotterode.de\/?page_id=8851#breadcrumb"},"inLanguage":"de","potentialAction":[{"@type":"ReadAction","target":["https:\/\/www.gs-brotterode.de\/?page_id=8851"]}]},{"@type":"BreadcrumbList","@id":"https:\/\/www.gs-brotterode.de\/?page_id=8851#breadcrumb","itemListElement":[{"@type":"ListItem","position":1,"name":"Home","item":"https:\/\/www.gs-brotterode.de\/"},{"@type":"ListItem","position":2,"name":"Unsere Schule"}]}]}},"_links":{"self":[{"href":"https:\/\/www.gs-brotterode.de\/index.php?rest_route=\/wp\/v2\/pages\/8851"}],"collection":[{"href":"https:\/\/www.gs-brotterode.de\/index.php?rest_route=\/wp\/v2\/pages"}],"about":[{"href":"https:\/\/www.gs-brotterode.de\/index.php?rest_route=\/wp\/v2\/types\/page"}],"author":[{"embeddable":true,"href":"https:\/\/www.gs-brotterode.de\/index.php?rest_route=\/wp\/v2\/users\/3"}],"replies":[{"embeddable":true,"href":"https:\/\/www.gs-brotterode.de\/index.php?rest_route=%2Fwp%2Fv2%2Fcomments&post=8851"}],"version-history":[{"count":12,"href":"https:\/\/www.gs-brotterode.de\/index.php?rest_route=\/wp\/v2\/pages\/8851\/revisions"}],"predecessor-version":[{"id":11757,"href":"https:\/\/www.gs-brotterode.de\/index.php?rest_route=\/wp\/v2\/pages\/8851\/revisions\/11757"}],"wp:attachment":[{"href":"https:\/\/www.gs-brotterode.de\/index.php?rest_route=%2Fwp%2Fv2%2Fmedia&parent=8851"}],"curies":[{"name":"wp","href":"https:\/\/api.w.org\/{rel}","templated":true}]}}