{"id":12484,"date":"2025-01-27T16:25:21","date_gmt":"2025-01-27T16:25:21","guid":{"rendered":"https:\/\/www.gs-brotterode.de\/?page_id=12484"},"modified":"2026-05-03T14:59:12","modified_gmt":"2026-05-03T14:59:12","slug":"schulanfaenger-26-27","status":"publish","type":"page","link":"https:\/\/www.gs-brotterode.de\/?page_id=12484","title":{"rendered":"Schulanf\u00e4nger 2026\/27"},"content":{"rendered":"\n<p><\/p>\n\n\n\n<p>Der <strong>3. Schnuppertag<\/strong> f\u00fcr die Schulanf\u00e4nger findet am<\/p>\n\n\n\n<p>05.05.2026 (Kita Brotterode) und am <\/p>\n\n\n\n<p>\u2026.2026 (Kita Trusetal) von 10:00 &#8211; 11:40 Uhr statt.<\/p>\n\n\n\n<hr class=\"wp-block-separator has-alpha-channel-opacity\"\/>\n\n\n\n<figure class=\"wp-block-image size-large\"><a href=\"https:\/\/www.gs-brotterode.de\/wp-content\/uploads\/2026\/05\/IMG_9208-scaled.jpeg\"><img loading=\"lazy\" decoding=\"async\" width=\"768\" height=\"1024\" src=\"https:\/\/www.gs-brotterode.de\/wp-content\/uploads\/2026\/05\/IMG_9208-768x1024.jpeg\" alt=\"\" class=\"wp-image-12791\" srcset=\"https:\/\/www.gs-brotterode.de\/wp-content\/uploads\/2026\/05\/IMG_9208-768x1024.jpeg 768w, https:\/\/www.gs-brotterode.de\/wp-content\/uploads\/2026\/05\/IMG_9208-225x300.jpeg 225w, https:\/\/www.gs-brotterode.de\/wp-content\/uploads\/2026\/05\/IMG_9208-1152x1536.jpeg 1152w, https:\/\/www.gs-brotterode.de\/wp-content\/uploads\/2026\/05\/IMG_9208-1536x2048.jpeg 1536w, https:\/\/www.gs-brotterode.de\/wp-content\/uploads\/2026\/05\/IMG_9208-scaled.jpeg 1920w\" sizes=\"(max-width: 768px) 100vw, 768px\" \/><\/a><\/figure>\n\n\n\n<hr class=\"wp-block-separator has-alpha-channel-opacity\"\/>\n\n\n\n<p>Der <strong>2. Schnuppertag<\/strong> f\u00fcr die Schulanf\u00e4nger findet am<\/p>\n\n\n\n<p>10.03.2026 (Kita Brotterode) und am<\/p>\n\n\n\n<p>17.03.2026 (Kita Trusetal) von 10:00 -11:40 Uhr statt. <\/p>\n\n\n\n<hr class=\"wp-block-separator has-alpha-channel-opacity\"\/>\n\n\n\n<p><\/p>\n\n\n\n<p>Nun ist es endlich soweit. Unser erster <strong>Schnuppernachmittag<\/strong> steht vor der T\u00fcr. <\/p>\n\n\n\n<p>Am<strong> 10.12.2025<\/strong> laden wir die zuk\u00fcnftigen Erstkl\u00e4ssler in unsere Grundschule ein. <\/p>\n\n\n\n<p>14:00 Uhr Kindergarten Brotterode<\/p>\n\n\n\n<p>15:00 Uhr Kindergarten Trusetal<\/p>\n\n\n\n<p>W\u00e4hrenddessen ist f\u00fcr alle Eltern ein Elterncaf\u00e9 ge\u00f6ffnet. Wir freuen uns auf alle Schulanf\u00e4ngerInnen. <\/p>\n\n\n\n<hr class=\"wp-block-separator has-alpha-channel-opacity\"\/>\n\n\n\n<figure class=\"wp-block-image size-large is-resized\"><a href=\"https:\/\/www.gs-brotterode.de\/wp-content\/uploads\/2025\/01\/IMG_9160.jpeg\"><img loading=\"lazy\" decoding=\"async\" width=\"805\" height=\"1024\" src=\"https:\/\/www.gs-brotterode.de\/wp-content\/uploads\/2025\/01\/IMG_9160-805x1024.jpeg\" alt=\"\" class=\"wp-image-12488\" style=\"width:383px;height:auto\" srcset=\"https:\/\/www.gs-brotterode.de\/wp-content\/uploads\/2025\/01\/IMG_9160-805x1024.jpeg 805w, https:\/\/www.gs-brotterode.de\/wp-content\/uploads\/2025\/01\/IMG_9160-236x300.jpeg 236w, https:\/\/www.gs-brotterode.de\/wp-content\/uploads\/2025\/01\/IMG_9160-768x977.jpeg 768w, https:\/\/www.gs-brotterode.de\/wp-content\/uploads\/2025\/01\/IMG_9160.jpeg 1163w\" sizes=\"(max-width: 805px) 100vw, 805px\" \/><\/a><\/figure>\n\n\n\n<hr class=\"wp-block-separator has-alpha-channel-opacity\"\/>\n","protected":false},"excerpt":{"rendered":"<p>Der 3. Schnuppertag f\u00fcr die Schulanf\u00e4nger findet am 05.05.2026 (Kita Brotterode) und am \u2026.2026 (Kita Trusetal) von 10:00 &#8211; 11:40 Uhr statt. Der 2. Schnuppertag f\u00fcr die Schulanf\u00e4nger findet am 10.03.2026 (Kita Brotterode) und am 17.03.2026 (Kita Trusetal) von 10:00 -11:40 Uhr statt. Nun ist es endlich soweit. Unser erster Schnuppernachmittag steht vor der T\u00fcr. [&hellip;]<\/p>\n","protected":false},"author":3,"featured_media":0,"parent":8854,"menu_order":6,"comment_status":"closed","ping_status":"closed","template":"","meta":{"footnotes":""},"yoast_head":"<!-- This site is optimized with the Yoast SEO plugin v18.3 - https:\/\/yoast.com\/wordpress\/plugins\/seo\/ -->\n<title>Schulanf\u00e4nger 2026\/27 - Grundschule Brotterode<\/title>\n<meta name=\"robots\" content=\"index, follow, max-snippet:-1, max-image-preview:large, max-video-preview:-1\" \/>\n<link rel=\"canonical\" href=\"https:\/\/www.gs-brotterode.de\/?page_id=12484\" \/>\n<meta property=\"og:locale\" content=\"de_DE\" \/>\n<meta property=\"og:type\" content=\"article\" \/>\n<meta property=\"og:title\" content=\"Schulanf\u00e4nger 2026\/27 - Grundschule Brotterode\" \/>\n<meta property=\"og:description\" content=\"Der 3. Schnuppertag f\u00fcr die Schulanf\u00e4nger findet am 05.05.2026 (Kita Brotterode) und am \u2026.2026 (Kita Trusetal) von 10:00 &#8211; 11:40 Uhr statt. Der 2. Schnuppertag f\u00fcr die Schulanf\u00e4nger findet am 10.03.2026 (Kita Brotterode) und am 17.03.2026 (Kita Trusetal) von 10:00 -11:40 Uhr statt. Nun ist es endlich soweit. Unser erster Schnuppernachmittag steht vor der T\u00fcr. [&hellip;]\" \/>\n<meta property=\"og:url\" content=\"https:\/\/www.gs-brotterode.de\/?page_id=12484\" \/>\n<meta property=\"og:site_name\" content=\"Grundschule Brotterode\" \/>\n<meta property=\"article:modified_time\" content=\"2026-05-03T14:59:12+00:00\" \/>\n<meta property=\"og:image\" content=\"https:\/\/www.gs-brotterode.de\/wp-content\/uploads\/2026\/05\/IMG_9208-768x1024.jpeg\" \/>\n<meta name=\"twitter:card\" content=\"summary\" \/>\n<script type=\"application\/ld+json\" class=\"yoast-schema-graph\">{\"@context\":\"https:\/\/schema.org\",\"@graph\":[{\"@type\":\"WebSite\",\"@id\":\"https:\/\/www.gs-brotterode.de\/#website\",\"url\":\"https:\/\/www.gs-brotterode.de\/\",\"name\":\"Grundschule Brotterode\",\"description\":\"\",\"potentialAction\":[{\"@type\":\"SearchAction\",\"target\":{\"@type\":\"EntryPoint\",\"urlTemplate\":\"https:\/\/www.gs-brotterode.de\/?s={search_term_string}\"},\"query-input\":\"required name=search_term_string\"}],\"inLanguage\":\"de\"},{\"@type\":\"ImageObject\",\"@id\":\"https:\/\/www.gs-brotterode.de\/?page_id=12484#primaryimage\",\"inLanguage\":\"de\",\"url\":\"https:\/\/www.gs-brotterode.de\/wp-content\/uploads\/2026\/05\/IMG_9208-scaled.jpeg\",\"contentUrl\":\"https:\/\/www.gs-brotterode.de\/wp-content\/uploads\/2026\/05\/IMG_9208-scaled.jpeg\",\"width\":1920,\"height\":2560},{\"@type\":\"WebPage\",\"@id\":\"https:\/\/www.gs-brotterode.de\/?page_id=12484#webpage\",\"url\":\"https:\/\/www.gs-brotterode.de\/?page_id=12484\",\"name\":\"Schulanf\u00e4nger 2026\/27 - Grundschule Brotterode\",\"isPartOf\":{\"@id\":\"https:\/\/www.gs-brotterode.de\/#website\"},\"primaryImageOfPage\":{\"@id\":\"https:\/\/www.gs-brotterode.de\/?page_id=12484#primaryimage\"},\"datePublished\":\"2025-01-27T16:25:21+00:00\",\"dateModified\":\"2026-05-03T14:59:12+00:00\",\"breadcrumb\":{\"@id\":\"https:\/\/www.gs-brotterode.de\/?page_id=12484#breadcrumb\"},\"inLanguage\":\"de\",\"potentialAction\":[{\"@type\":\"ReadAction\",\"target\":[\"https:\/\/www.gs-brotterode.de\/?page_id=12484\"]}]},{\"@type\":\"BreadcrumbList\",\"@id\":\"https:\/\/www.gs-brotterode.de\/?page_id=12484#breadcrumb\",\"itemListElement\":[{\"@type\":\"ListItem\",\"position\":1,\"name\":\"Home\",\"item\":\"https:\/\/www.gs-brotterode.de\/\"},{\"@type\":\"ListItem\",\"position\":2,\"name\":\"Aktuelles\",\"item\":\"https:\/\/www.gs-brotterode.de\/?page_id=8854\"},{\"@type\":\"ListItem\",\"position\":3,\"name\":\"Schulanf\u00e4nger 2026\/27\"}]}]}<\/script>\n<!-- \/ Yoast SEO plugin. -->","yoast_head_json":{"title":"Schulanf\u00e4nger 2026\/27 - Grundschule Brotterode","robots":{"index":"index","follow":"follow","max-snippet":"max-snippet:-1","max-image-preview":"max-image-preview:large","max-video-preview":"max-video-preview:-1"},"canonical":"https:\/\/www.gs-brotterode.de\/?page_id=12484","og_locale":"de_DE","og_type":"article","og_title":"Schulanf\u00e4nger 2026\/27 - Grundschule Brotterode","og_description":"Der 3. Schnuppertag f\u00fcr die Schulanf\u00e4nger findet am 05.05.2026 (Kita Brotterode) und am \u2026.2026 (Kita Trusetal) von 10:00 &#8211; 11:40 Uhr statt. Der 2. Schnuppertag f\u00fcr die Schulanf\u00e4nger findet am 10.03.2026 (Kita Brotterode) und am 17.03.2026 (Kita Trusetal) von 10:00 -11:40 Uhr statt. Nun ist es endlich soweit. Unser erster Schnuppernachmittag steht vor der T\u00fcr. [&hellip;]","og_url":"https:\/\/www.gs-brotterode.de\/?page_id=12484","og_site_name":"Grundschule Brotterode","article_modified_time":"2026-05-03T14:59:12+00:00","og_image":[{"url":"https:\/\/www.gs-brotterode.de\/wp-content\/uploads\/2026\/05\/IMG_9208-768x1024.jpeg"}],"twitter_card":"summary","schema":{"@context":"https:\/\/schema.org","@graph":[{"@type":"WebSite","@id":"https:\/\/www.gs-brotterode.de\/#website","url":"https:\/\/www.gs-brotterode.de\/","name":"Grundschule Brotterode","description":"","potentialAction":[{"@type":"SearchAction","target":{"@type":"EntryPoint","urlTemplate":"https:\/\/www.gs-brotterode.de\/?s={search_term_string}"},"query-input":"required name=search_term_string"}],"inLanguage":"de"},{"@type":"ImageObject","@id":"https:\/\/www.gs-brotterode.de\/?page_id=12484#primaryimage","inLanguage":"de","url":"https:\/\/www.gs-brotterode.de\/wp-content\/uploads\/2026\/05\/IMG_9208-scaled.jpeg","contentUrl":"https:\/\/www.gs-brotterode.de\/wp-content\/uploads\/2026\/05\/IMG_9208-scaled.jpeg","width":1920,"height":2560},{"@type":"WebPage","@id":"https:\/\/www.gs-brotterode.de\/?page_id=12484#webpage","url":"https:\/\/www.gs-brotterode.de\/?page_id=12484","name":"Schulanf\u00e4nger 2026\/27 - Grundschule Brotterode","isPartOf":{"@id":"https:\/\/www.gs-brotterode.de\/#website"},"primaryImageOfPage":{"@id":"https:\/\/www.gs-brotterode.de\/?page_id=12484#primaryimage"},"datePublished":"2025-01-27T16:25:21+00:00","dateModified":"2026-05-03T14:59:12+00:00","breadcrumb":{"@id":"https:\/\/www.gs-brotterode.de\/?page_id=12484#breadcrumb"},"inLanguage":"de","potentialAction":[{"@type":"ReadAction","target":["https:\/\/www.gs-brotterode.de\/?page_id=12484"]}]},{"@type":"BreadcrumbList","@id":"https:\/\/www.gs-brotterode.de\/?page_id=12484#breadcrumb","itemListElement":[{"@type":"ListItem","position":1,"name":"Home","item":"https:\/\/www.gs-brotterode.de\/"},{"@type":"ListItem","position":2,"name":"Aktuelles","item":"https:\/\/www.gs-brotterode.de\/?page_id=8854"},{"@type":"ListItem","position":3,"name":"Schulanf\u00e4nger 2026\/27"}]}]}},"_links":{"self":[{"href":"https:\/\/www.gs-brotterode.de\/index.php?rest_route=\/wp\/v2\/pages\/12484"}],"collection":[{"href":"https:\/\/www.gs-brotterode.de\/index.php?rest_route=\/wp\/v2\/pages"}],"about":[{"href":"https:\/\/www.gs-brotterode.de\/index.php?rest_route=\/wp\/v2\/types\/page"}],"author":[{"embeddable":true,"href":"https:\/\/www.gs-brotterode.de\/index.php?rest_route=\/wp\/v2\/users\/3"}],"replies":[{"embeddable":true,"href":"https:\/\/www.gs-brotterode.de\/index.php?rest_route=%2Fwp%2Fv2%2Fcomments&post=12484"}],"version-history":[{"count":7,"href":"https:\/\/www.gs-brotterode.de\/index.php?rest_route=\/wp\/v2\/pages\/12484\/revisions"}],"predecessor-version":[{"id":12792,"href":"https:\/\/www.gs-brotterode.de\/index.php?rest_route=\/wp\/v2\/pages\/12484\/revisions\/12792"}],"up":[{"embeddable":true,"href":"https:\/\/www.gs-brotterode.de\/index.php?rest_route=\/wp\/v2\/pages\/8854"}],"wp:attachment":[{"href":"https:\/\/www.gs-brotterode.de\/index.php?rest_route=%2Fwp%2Fv2%2Fmedia&parent=12484"}],"curies":[{"name":"wp","href":"https:\/\/api.w.org\/{rel}","templated":true}]}}