{"id":11244,"date":"2022-10-05T08:45:04","date_gmt":"2022-10-05T08:45:04","guid":{"rendered":"https:\/\/www.gs-brotterode.de\/?page_id=11244"},"modified":"2022-10-05T09:20:27","modified_gmt":"2022-10-05T09:20:27","slug":"informationen","status":"publish","type":"page","link":"https:\/\/www.gs-brotterode.de\/?page_id=11244","title":{"rendered":"Informationen"},"content":{"rendered":"\n<p><strong>Abmeldung von der Hortbetreuung<\/strong><\/p>\n\n\n\n<p>Sollten Sie Ihr Kind vom Hort abmelden wollen,  so muss die Abmeldung bis zum 15. des Monats in Meiningen bei der Schulverwaltung schriftlich vorliegen. Ansonsten entstehen Kosten f\u00fcr den Folgemonat. Bitte denken Sie somit rechtzeitig daran, Ihre Abmeldung schriftlich beim Horterzieher abzugeben. <\/p>\n\n\n\n<p><strong>Ferienbetreuung<\/strong><\/p>\n\n\n\n<p>Ferienbetreuung wird an unserer Schule angeboten. Die Betreuungszeit (bis\/ mehr als 10 Stunden) gilt auch f\u00fcr die Ferien. <\/p>\n\n\n\n<p>Eine Gasthortanmeldung f\u00fcr die Ferien muss bis zum 15. des Vormonats schriftlich im Hort abgegeben werden.<\/p>\n\n\n\n<p><\/p>\n\n\n\n<p><strong>weitere Informationen<\/strong><\/p>\n\n\n\n<p>Die Hortzeit, die der Geb\u00fchrenordnung unterliegt, beginnt mit Ende der letzten Unterrichtsstunde und endet um 16:00 Uhr. Auch der Fr\u00fchhort von 6:00 bis 7:45 Uhr ist geb\u00fchrenpflichtig. An variablen unterrichtsfreien Tagen \u00f6ffnet der Hort bei ausreichendem Bedarf. <\/p>\n","protected":false},"excerpt":{"rendered":"<p>Abmeldung von der Hortbetreuung Sollten Sie Ihr Kind vom Hort abmelden wollen, so muss die Abmeldung bis zum 15. des Monats in Meiningen bei der Schulverwaltung schriftlich vorliegen. Ansonsten entstehen Kosten f\u00fcr den Folgemonat. Bitte denken Sie somit rechtzeitig daran, Ihre Abmeldung schriftlich beim Horterzieher abzugeben. Ferienbetreuung Ferienbetreuung wird an unserer Schule angeboten. Die Betreuungszeit [&hellip;]<\/p>\n","protected":false},"author":3,"featured_media":0,"parent":9025,"menu_order":3,"comment_status":"closed","ping_status":"closed","template":"","meta":{"footnotes":""},"yoast_head":"<!-- This site is optimized with the Yoast SEO plugin v18.3 - https:\/\/yoast.com\/wordpress\/plugins\/seo\/ -->\n<title>Informationen - Grundschule Brotterode<\/title>\n<meta name=\"robots\" content=\"index, follow, max-snippet:-1, max-image-preview:large, max-video-preview:-1\" \/>\n<link rel=\"canonical\" href=\"https:\/\/www.gs-brotterode.de\/?page_id=11244\" \/>\n<meta property=\"og:locale\" content=\"de_DE\" \/>\n<meta property=\"og:type\" content=\"article\" \/>\n<meta property=\"og:title\" content=\"Informationen - Grundschule Brotterode\" \/>\n<meta property=\"og:description\" content=\"Abmeldung von der Hortbetreuung Sollten Sie Ihr Kind vom Hort abmelden wollen, so muss die Abmeldung bis zum 15. des Monats in Meiningen bei der Schulverwaltung schriftlich vorliegen. Ansonsten entstehen Kosten f\u00fcr den Folgemonat. Bitte denken Sie somit rechtzeitig daran, Ihre Abmeldung schriftlich beim Horterzieher abzugeben. Ferienbetreuung Ferienbetreuung wird an unserer Schule angeboten. Die Betreuungszeit [&hellip;]\" \/>\n<meta property=\"og:url\" content=\"https:\/\/www.gs-brotterode.de\/?page_id=11244\" \/>\n<meta property=\"og:site_name\" content=\"Grundschule Brotterode\" \/>\n<meta property=\"article:modified_time\" content=\"2022-10-05T09:20:27+00:00\" \/>\n<meta name=\"twitter:card\" content=\"summary\" \/>\n<meta name=\"twitter:label1\" content=\"Gesch\u00e4tzte Lesezeit\" \/>\n\t<meta name=\"twitter:data1\" content=\"1\u00a0Minute\" \/>\n<script type=\"application\/ld+json\" class=\"yoast-schema-graph\">{\"@context\":\"https:\/\/schema.org\",\"@graph\":[{\"@type\":\"WebSite\",\"@id\":\"https:\/\/www.gs-brotterode.de\/#website\",\"url\":\"https:\/\/www.gs-brotterode.de\/\",\"name\":\"Grundschule Brotterode\",\"description\":\"\",\"potentialAction\":[{\"@type\":\"SearchAction\",\"target\":{\"@type\":\"EntryPoint\",\"urlTemplate\":\"https:\/\/www.gs-brotterode.de\/?s={search_term_string}\"},\"query-input\":\"required name=search_term_string\"}],\"inLanguage\":\"de\"},{\"@type\":\"WebPage\",\"@id\":\"https:\/\/www.gs-brotterode.de\/?page_id=11244#webpage\",\"url\":\"https:\/\/www.gs-brotterode.de\/?page_id=11244\",\"name\":\"Informationen - Grundschule Brotterode\",\"isPartOf\":{\"@id\":\"https:\/\/www.gs-brotterode.de\/#website\"},\"datePublished\":\"2022-10-05T08:45:04+00:00\",\"dateModified\":\"2022-10-05T09:20:27+00:00\",\"breadcrumb\":{\"@id\":\"https:\/\/www.gs-brotterode.de\/?page_id=11244#breadcrumb\"},\"inLanguage\":\"de\",\"potentialAction\":[{\"@type\":\"ReadAction\",\"target\":[\"https:\/\/www.gs-brotterode.de\/?page_id=11244\"]}]},{\"@type\":\"BreadcrumbList\",\"@id\":\"https:\/\/www.gs-brotterode.de\/?page_id=11244#breadcrumb\",\"itemListElement\":[{\"@type\":\"ListItem\",\"position\":1,\"name\":\"Home\",\"item\":\"https:\/\/www.gs-brotterode.de\/\"},{\"@type\":\"ListItem\",\"position\":2,\"name\":\"Hort\",\"item\":\"https:\/\/www.gs-brotterode.de\/?page_id=9025\"},{\"@type\":\"ListItem\",\"position\":3,\"name\":\"Informationen\"}]}]}<\/script>\n<!-- \/ Yoast SEO plugin. -->","yoast_head_json":{"title":"Informationen - Grundschule Brotterode","robots":{"index":"index","follow":"follow","max-snippet":"max-snippet:-1","max-image-preview":"max-image-preview:large","max-video-preview":"max-video-preview:-1"},"canonical":"https:\/\/www.gs-brotterode.de\/?page_id=11244","og_locale":"de_DE","og_type":"article","og_title":"Informationen - Grundschule Brotterode","og_description":"Abmeldung von der Hortbetreuung Sollten Sie Ihr Kind vom Hort abmelden wollen, so muss die Abmeldung bis zum 15. des Monats in Meiningen bei der Schulverwaltung schriftlich vorliegen. Ansonsten entstehen Kosten f\u00fcr den Folgemonat. Bitte denken Sie somit rechtzeitig daran, Ihre Abmeldung schriftlich beim Horterzieher abzugeben. Ferienbetreuung Ferienbetreuung wird an unserer Schule angeboten. Die Betreuungszeit [&hellip;]","og_url":"https:\/\/www.gs-brotterode.de\/?page_id=11244","og_site_name":"Grundschule Brotterode","article_modified_time":"2022-10-05T09:20:27+00:00","twitter_card":"summary","twitter_misc":{"Gesch\u00e4tzte Lesezeit":"1\u00a0Minute"},"schema":{"@context":"https:\/\/schema.org","@graph":[{"@type":"WebSite","@id":"https:\/\/www.gs-brotterode.de\/#website","url":"https:\/\/www.gs-brotterode.de\/","name":"Grundschule Brotterode","description":"","potentialAction":[{"@type":"SearchAction","target":{"@type":"EntryPoint","urlTemplate":"https:\/\/www.gs-brotterode.de\/?s={search_term_string}"},"query-input":"required name=search_term_string"}],"inLanguage":"de"},{"@type":"WebPage","@id":"https:\/\/www.gs-brotterode.de\/?page_id=11244#webpage","url":"https:\/\/www.gs-brotterode.de\/?page_id=11244","name":"Informationen - Grundschule Brotterode","isPartOf":{"@id":"https:\/\/www.gs-brotterode.de\/#website"},"datePublished":"2022-10-05T08:45:04+00:00","dateModified":"2022-10-05T09:20:27+00:00","breadcrumb":{"@id":"https:\/\/www.gs-brotterode.de\/?page_id=11244#breadcrumb"},"inLanguage":"de","potentialAction":[{"@type":"ReadAction","target":["https:\/\/www.gs-brotterode.de\/?page_id=11244"]}]},{"@type":"BreadcrumbList","@id":"https:\/\/www.gs-brotterode.de\/?page_id=11244#breadcrumb","itemListElement":[{"@type":"ListItem","position":1,"name":"Home","item":"https:\/\/www.gs-brotterode.de\/"},{"@type":"ListItem","position":2,"name":"Hort","item":"https:\/\/www.gs-brotterode.de\/?page_id=9025"},{"@type":"ListItem","position":3,"name":"Informationen"}]}]}},"_links":{"self":[{"href":"https:\/\/www.gs-brotterode.de\/index.php?rest_route=\/wp\/v2\/pages\/11244"}],"collection":[{"href":"https:\/\/www.gs-brotterode.de\/index.php?rest_route=\/wp\/v2\/pages"}],"about":[{"href":"https:\/\/www.gs-brotterode.de\/index.php?rest_route=\/wp\/v2\/types\/page"}],"author":[{"embeddable":true,"href":"https:\/\/www.gs-brotterode.de\/index.php?rest_route=\/wp\/v2\/users\/3"}],"replies":[{"embeddable":true,"href":"https:\/\/www.gs-brotterode.de\/index.php?rest_route=%2Fwp%2Fv2%2Fcomments&post=11244"}],"version-history":[{"count":4,"href":"https:\/\/www.gs-brotterode.de\/index.php?rest_route=\/wp\/v2\/pages\/11244\/revisions"}],"predecessor-version":[{"id":11250,"href":"https:\/\/www.gs-brotterode.de\/index.php?rest_route=\/wp\/v2\/pages\/11244\/revisions\/11250"}],"up":[{"embeddable":true,"href":"https:\/\/www.gs-brotterode.de\/index.php?rest_route=\/wp\/v2\/pages\/9025"}],"wp:attachment":[{"href":"https:\/\/www.gs-brotterode.de\/index.php?rest_route=%2Fwp%2Fv2%2Fmedia&parent=11244"}],"curies":[{"name":"wp","href":"https:\/\/api.w.org\/{rel}","templated":true}]}}