{"id":10306,"date":"2021-05-26T18:50:25","date_gmt":"2021-05-26T18:50:25","guid":{"rendered":"https:\/\/www.gs-brotterode.de\/?page_id=10306"},"modified":"2021-05-26T18:50:25","modified_gmt":"2021-05-26T18:50:25","slug":"sportbefreiung","status":"publish","type":"page","link":"https:\/\/www.gs-brotterode.de\/?page_id=10306","title":{"rendered":"Sportbefreiung"},"content":{"rendered":"\n<p>Sportbefreiung&nbsp;<\/p>\n\n\n\n<p><strong>Eine Befreiung von der aktiven Teilnahme am Sportunterricht kann nur durch ein \u00e4rztliches Attest erfolgen.<\/strong><\/p>\n\n\n\n<p>Dieses kann nur vom behandelten Arzt ausgestellt werden, nicht von den Sorgeberechtigten.<\/p>\n\n\n\n<p><strong>Teilatteste<\/strong> ziehen nur die Befreiung von dem im Attest konkret angegebenen Teilgebiet nach sich (z. B. von Ausdauerl\u00e4ufen bei vorliegendem Asthma).<\/p>\n\n\n\n<p>Diese Handhabung basiert auf der \u00e4rztlichen Erkenntnis, dass in vielen F\u00e4llen k\u00f6rperlicher Beeintr\u00e4chtigung eine v\u00f6llige Ruhestellung eher negative Folgen haben kann, w\u00e4hrend eine genau dosierte sportliche Bet\u00e4tigung die medizinische Therapie unterst\u00fctzen kann.<\/p>\n\n\n\n<p>Ein \u00e4rztliches Attest sollte die medizinisch notwendige Schonzeit zur Wiedererlangung der vollen k\u00f6rperlichen Belastungsf\u00e4higkeit umfassen. Bei chronischen Krankheiten sollten sie den maximalen Zeitraum von einem Schuljahr nicht \u00fcberschreiten. Nach Ablauf des Schuljahres muss der Sch\u00fcler erneut ein Attest des behandelnden Arztes vorlegen.<\/p>\n\n\n\n<p>In Ausnahmef\u00e4llen (kurzfristige Verletzungen oder Erkrankungen) ist eine <strong>schriftliche Information \u00fcber die Einschr\u00e4nkung durch die Sorgeberechtigten<\/strong> an die Sportlehrer*innen zu richten, (z.B. &#8220; &#8230; hat sich gestern an der Hand verletzt. Bitte ber\u00fccksichtigen Sie dies beim Sportunterricht. Danke.&#8220;) Diese nehmen unter Beachtung gesundheitlicher und p\u00e4dagogischer Gesichtspunkte R\u00fccksicht. In Abh\u00e4ngigkeit von der Art der Einschr\u00e4nkung sind z. B. alternative \u00dcbungsangebote, Beauftragungen zur Lehrerassistenz wie Hilfeleistungen, Sicherheitsstellungen, Korrektur von Sch\u00fclerleistungen, Einsatz als Schiedsrichter, \u00dcbernahme organisatorischer Aufgaben oder das Erarbeiten von Vortr\u00e4gen und Theorieteilen m\u00f6glich.&nbsp;<\/p>\n\n\n\n<p><strong>Eine Sportbefreiung stellt keine Unterrichtsbefreiung dar.<\/strong><\/p>\n","protected":false},"excerpt":{"rendered":"<p>Sportbefreiung&nbsp; Eine Befreiung von der aktiven Teilnahme am Sportunterricht kann nur durch ein \u00e4rztliches Attest erfolgen. Dieses kann nur vom behandelten Arzt ausgestellt werden, nicht von den Sorgeberechtigten. Teilatteste ziehen nur die Befreiung von dem im Attest konkret angegebenen Teilgebiet nach sich (z. B. von Ausdauerl\u00e4ufen bei vorliegendem Asthma). Diese Handhabung basiert auf der \u00e4rztlichen [&hellip;]<\/p>\n","protected":false},"author":3,"featured_media":0,"parent":8856,"menu_order":4,"comment_status":"closed","ping_status":"closed","template":"","meta":{"footnotes":""},"yoast_head":"<!-- This site is optimized with the Yoast SEO plugin v18.3 - https:\/\/yoast.com\/wordpress\/plugins\/seo\/ -->\n<title>Sportbefreiung - Grundschule Brotterode<\/title>\n<meta name=\"robots\" content=\"index, follow, max-snippet:-1, max-image-preview:large, max-video-preview:-1\" \/>\n<link rel=\"canonical\" href=\"https:\/\/www.gs-brotterode.de\/?page_id=10306\" \/>\n<meta property=\"og:locale\" content=\"de_DE\" \/>\n<meta property=\"og:type\" content=\"article\" \/>\n<meta property=\"og:title\" content=\"Sportbefreiung - Grundschule Brotterode\" \/>\n<meta property=\"og:description\" content=\"Sportbefreiung&nbsp; Eine Befreiung von der aktiven Teilnahme am Sportunterricht kann nur durch ein \u00e4rztliches Attest erfolgen. Dieses kann nur vom behandelten Arzt ausgestellt werden, nicht von den Sorgeberechtigten. Teilatteste ziehen nur die Befreiung von dem im Attest konkret angegebenen Teilgebiet nach sich (z. B. von Ausdauerl\u00e4ufen bei vorliegendem Asthma). Diese Handhabung basiert auf der \u00e4rztlichen [&hellip;]\" \/>\n<meta property=\"og:url\" content=\"https:\/\/www.gs-brotterode.de\/?page_id=10306\" \/>\n<meta property=\"og:site_name\" content=\"Grundschule Brotterode\" \/>\n<meta name=\"twitter:card\" content=\"summary\" \/>\n<meta name=\"twitter:label1\" content=\"Gesch\u00e4tzte Lesezeit\" \/>\n\t<meta name=\"twitter:data1\" content=\"1\u00a0Minute\" \/>\n<script type=\"application\/ld+json\" class=\"yoast-schema-graph\">{\"@context\":\"https:\/\/schema.org\",\"@graph\":[{\"@type\":\"WebSite\",\"@id\":\"https:\/\/www.gs-brotterode.de\/#website\",\"url\":\"https:\/\/www.gs-brotterode.de\/\",\"name\":\"Grundschule Brotterode\",\"description\":\"\",\"potentialAction\":[{\"@type\":\"SearchAction\",\"target\":{\"@type\":\"EntryPoint\",\"urlTemplate\":\"https:\/\/www.gs-brotterode.de\/?s={search_term_string}\"},\"query-input\":\"required name=search_term_string\"}],\"inLanguage\":\"de\"},{\"@type\":\"WebPage\",\"@id\":\"https:\/\/www.gs-brotterode.de\/?page_id=10306#webpage\",\"url\":\"https:\/\/www.gs-brotterode.de\/?page_id=10306\",\"name\":\"Sportbefreiung - Grundschule Brotterode\",\"isPartOf\":{\"@id\":\"https:\/\/www.gs-brotterode.de\/#website\"},\"datePublished\":\"2021-05-26T18:50:25+00:00\",\"dateModified\":\"2021-05-26T18:50:25+00:00\",\"breadcrumb\":{\"@id\":\"https:\/\/www.gs-brotterode.de\/?page_id=10306#breadcrumb\"},\"inLanguage\":\"de\",\"potentialAction\":[{\"@type\":\"ReadAction\",\"target\":[\"https:\/\/www.gs-brotterode.de\/?page_id=10306\"]}]},{\"@type\":\"BreadcrumbList\",\"@id\":\"https:\/\/www.gs-brotterode.de\/?page_id=10306#breadcrumb\",\"itemListElement\":[{\"@type\":\"ListItem\",\"position\":1,\"name\":\"Home\",\"item\":\"https:\/\/www.gs-brotterode.de\/\"},{\"@type\":\"ListItem\",\"position\":2,\"name\":\"Eltern\",\"item\":\"https:\/\/www.gs-brotterode.de\/?page_id=8856\"},{\"@type\":\"ListItem\",\"position\":3,\"name\":\"Sportbefreiung\"}]}]}<\/script>\n<!-- \/ Yoast SEO plugin. -->","yoast_head_json":{"title":"Sportbefreiung - Grundschule Brotterode","robots":{"index":"index","follow":"follow","max-snippet":"max-snippet:-1","max-image-preview":"max-image-preview:large","max-video-preview":"max-video-preview:-1"},"canonical":"https:\/\/www.gs-brotterode.de\/?page_id=10306","og_locale":"de_DE","og_type":"article","og_title":"Sportbefreiung - Grundschule Brotterode","og_description":"Sportbefreiung&nbsp; Eine Befreiung von der aktiven Teilnahme am Sportunterricht kann nur durch ein \u00e4rztliches Attest erfolgen. Dieses kann nur vom behandelten Arzt ausgestellt werden, nicht von den Sorgeberechtigten. Teilatteste ziehen nur die Befreiung von dem im Attest konkret angegebenen Teilgebiet nach sich (z. B. von Ausdauerl\u00e4ufen bei vorliegendem Asthma). Diese Handhabung basiert auf der \u00e4rztlichen [&hellip;]","og_url":"https:\/\/www.gs-brotterode.de\/?page_id=10306","og_site_name":"Grundschule Brotterode","twitter_card":"summary","twitter_misc":{"Gesch\u00e4tzte Lesezeit":"1\u00a0Minute"},"schema":{"@context":"https:\/\/schema.org","@graph":[{"@type":"WebSite","@id":"https:\/\/www.gs-brotterode.de\/#website","url":"https:\/\/www.gs-brotterode.de\/","name":"Grundschule Brotterode","description":"","potentialAction":[{"@type":"SearchAction","target":{"@type":"EntryPoint","urlTemplate":"https:\/\/www.gs-brotterode.de\/?s={search_term_string}"},"query-input":"required name=search_term_string"}],"inLanguage":"de"},{"@type":"WebPage","@id":"https:\/\/www.gs-brotterode.de\/?page_id=10306#webpage","url":"https:\/\/www.gs-brotterode.de\/?page_id=10306","name":"Sportbefreiung - Grundschule Brotterode","isPartOf":{"@id":"https:\/\/www.gs-brotterode.de\/#website"},"datePublished":"2021-05-26T18:50:25+00:00","dateModified":"2021-05-26T18:50:25+00:00","breadcrumb":{"@id":"https:\/\/www.gs-brotterode.de\/?page_id=10306#breadcrumb"},"inLanguage":"de","potentialAction":[{"@type":"ReadAction","target":["https:\/\/www.gs-brotterode.de\/?page_id=10306"]}]},{"@type":"BreadcrumbList","@id":"https:\/\/www.gs-brotterode.de\/?page_id=10306#breadcrumb","itemListElement":[{"@type":"ListItem","position":1,"name":"Home","item":"https:\/\/www.gs-brotterode.de\/"},{"@type":"ListItem","position":2,"name":"Eltern","item":"https:\/\/www.gs-brotterode.de\/?page_id=8856"},{"@type":"ListItem","position":3,"name":"Sportbefreiung"}]}]}},"_links":{"self":[{"href":"https:\/\/www.gs-brotterode.de\/index.php?rest_route=\/wp\/v2\/pages\/10306"}],"collection":[{"href":"https:\/\/www.gs-brotterode.de\/index.php?rest_route=\/wp\/v2\/pages"}],"about":[{"href":"https:\/\/www.gs-brotterode.de\/index.php?rest_route=\/wp\/v2\/types\/page"}],"author":[{"embeddable":true,"href":"https:\/\/www.gs-brotterode.de\/index.php?rest_route=\/wp\/v2\/users\/3"}],"replies":[{"embeddable":true,"href":"https:\/\/www.gs-brotterode.de\/index.php?rest_route=%2Fwp%2Fv2%2Fcomments&post=10306"}],"version-history":[{"count":1,"href":"https:\/\/www.gs-brotterode.de\/index.php?rest_route=\/wp\/v2\/pages\/10306\/revisions"}],"predecessor-version":[{"id":10307,"href":"https:\/\/www.gs-brotterode.de\/index.php?rest_route=\/wp\/v2\/pages\/10306\/revisions\/10307"}],"up":[{"embeddable":true,"href":"https:\/\/www.gs-brotterode.de\/index.php?rest_route=\/wp\/v2\/pages\/8856"}],"wp:attachment":[{"href":"https:\/\/www.gs-brotterode.de\/index.php?rest_route=%2Fwp%2Fv2%2Fmedia&parent=10306"}],"curies":[{"name":"wp","href":"https:\/\/api.w.org\/{rel}","templated":true}]}}